{"id":19779,"date":"2023-10-24T14:27:04","date_gmt":"2023-10-24T12:27:04","guid":{"rendered":"https:\/\/azvo.borealis.biz\/?page_id=19779"},"modified":"2024-05-02T14:28:49","modified_gmt":"2024-05-02T12:28:49","slug":"mozvag-information-system","status":"publish","type":"page","link":"https:\/\/azvo.hr\/en\/evaluation\/higher-education\/mozvag-information-system\/","title":{"rendered":"Information system supporting quality assurance procedures\u00a0"},"content":{"rendered":"<div class=\"wp-block-lead-text mb-40 lg:mb-60 lg:-mt-[8rem]\">\n  <p class=\"font-serif text-xl sm:text-2xl leading-normal\">MOZVAG is an information system supporting quality assurance procedures implemented by the Agency for Science and Higher Education (ASHE).<\/p>\n<\/div>\n\n\n<p class=\"mb-10 text-base leading-normal\">\n  \nWithin the framework of ongoing evaluations, in particular the institutional re-accreditation, higher education institutions are obliged to submit a considerable amount of data to MOZVAG, in accordance with the relevant regulations. This data relates to different activities and resources of the higher education institution (study programmes, courses, teaching staff, scientific and professional productivity, and other data depending on the requirements of a particular evaluation process).\n\n<\/p>\n\n\n<p class=\"mb-10 text-base leading-normal\">\n  \n<strong>Development of MOZVAG into MOZVAG2<\/strong>\n\n<\/p>\n\n\n<p class=\"mb-10 text-base leading-normal\">\n  \nMOZVAG was initially developed for the purpose of accreditation of study programmes at the time the Bologna model of study was introduced at Croatian higher education institutions. The University Computing Center (SRCE) developed the MOZVAG information system in 2005, in collaboration with the (then) Ministry of Science, Education and Sports, the Agency for Science and Higher Education, and the National Council for Higher Education. The system was primarily intended to serve as a tool for submission of HEIs&#8217; data within evaluations of new study programmes according to the Bologna standards, but continued to be used in evaluation procedures conducted by ASHE.\n\n<\/p>\n\n\n<p class=\"mb-10 text-base leading-normal\">\n  \nIn order to improve the process of collecting and processing of data on higher education institutions in future external evaluation procedures, the existing MOZVAG system has \u2013 in several stages &#8211; been upgraded to MOZVAG2.\n\n<\/p>\n\n\n<p class=\"mb-10 text-base leading-normal\">\n  \n<strong>Interoperability of MOZVAG2 with other information systems<\/strong>\n\n<\/p>\n\n\n<p class=\"mb-10 text-base leading-normal\">\n  \nOne of the most important features of the upgraded MOZVAG2 information system is the improved interoperability with other information systems from which the existing data on higher education institutions and their activities can be retrieved. The systems from which data can be transferred to MOZVAG2 are the following:\n\n<\/p>\n\n\n<div class=\"my-40 lg:my-60 flex gap-60 flex-col\">\n\n      <!-- Prikaz samo poveznica -->\n  \n  \n      <div class=\"basis-1\/2\">\n      <div class=\"flex gap-5 items-center mb-10\">\n        <svg class=\"w-[1.5rem] h-[1.5rem] stroke-grey dark:stroke-grey-100\" xmlns=\"http:\/\/www.w3.org\/2000\/svg\" fill=\"none\" viewBox=\"0 0 24 24\" stroke-width=\"1.5\" stroke=\"currentColor\">\n  <path stroke-linecap=\"round\" stroke-linejoin=\"round\" d=\"M13.19 8.688a4.5 4.5 0 011.242 7.244l-4.5 4.5a4.5 4.5 0 01-6.364-6.364l1.757-1.757m13.35-.622l1.757-1.757a4.5 4.5 0 00-6.364-6.364l-4.5 4.5a4.5 4.5 0 001.242 7.244\" \/>\n<\/svg>        <h4 class=\"uppercase font-bold text-sm tracking-wide leading-tight\">Link<\/h4>\n      <\/div>\n      <ul class=\"flex flex-col gap-0 divide-y divide-grey-200 dark:divide-grey-700 border-y border-grey-200 dark:border-grey-700\" data-stagger-list>\n            <li>\n          <a href=\"https:\/\/www.srce.unizg.hr\/isvu\" class=\"group hover:bg-red-50 dark:hover:bg-red-950 flex justify-between items-center\">\n            <span class=\"py-20 font-semibold text-lg w-full h-full block group-hover:text-red dark:group-hover:text-red-500 group-hover:translate-x-15 transition duration-300\">ISVU &#8211; Higher Education Institutions Information System<\/span>\n            <svg class=\"w-[1.5rem] h-[1.5rem] stroke-red dark:stroke-red-500 group-hover:-translate-x-15 transition duration-300\" xmlns=\"http:\/\/www.w3.org\/2000\/svg\" fill=\"none\" viewBox=\"0 0 24 24\" stroke-width=\"1.5\" stroke=\"currentColor\" >\n  <path stroke-linecap=\"round\" stroke-linejoin=\"round\" d=\"M13.5 6H5.25A2.25 2.25 0 003 8.25v10.5A2.25 2.25 0 005.25 21h10.5A2.25 2.25 0 0018 18.75V10.5m-10.5 6L21 3m0 0h-5.25M21 3v5.25\" \/>\n<\/svg>          <\/a>\n        <\/li>\n            <li>\n          <a href=\"https:\/\/www.croris.hr\/crosbi\/\" class=\"group hover:bg-red-50 dark:hover:bg-red-950 flex justify-between items-center\">\n            <span class=\"py-20 font-semibold text-lg w-full h-full block group-hover:text-red dark:group-hover:text-red-500 group-hover:translate-x-15 transition duration-300\">CROSBI &#8211; Croatian Scientific Bibliography<\/span>\n            <svg class=\"w-[1.5rem] h-[1.5rem] stroke-red dark:stroke-red-500 group-hover:-translate-x-15 transition duration-300\" xmlns=\"http:\/\/www.w3.org\/2000\/svg\" fill=\"none\" viewBox=\"0 0 24 24\" stroke-width=\"1.5\" stroke=\"currentColor\" >\n  <path stroke-linecap=\"round\" stroke-linejoin=\"round\" d=\"M13.5 6H5.25A2.25 2.25 0 003 8.25v10.5A2.25 2.25 0 005.25 21h10.5A2.25 2.25 0 0018 18.75V10.5m-10.5 6L21 3m0 0h-5.25M21 3v5.25\" \/>\n<\/svg>          <\/a>\n        <\/li>\n            <li>\n          <a href=\"https:\/\/poirot.irb.hr:8443\/\" class=\"group hover:bg-red-50 dark:hover:bg-red-950 flex justify-between items-center\">\n            <span class=\"py-20 font-semibold text-lg w-full h-full block group-hover:text-red dark:group-hover:text-red-500 group-hover:translate-x-15 transition duration-300\">Database of project activities in science and higher education of the Republic of Croatia<\/span>\n            <svg class=\"w-[1.5rem] h-[1.5rem] stroke-red dark:stroke-red-500 group-hover:-translate-x-15 transition duration-300\" xmlns=\"http:\/\/www.w3.org\/2000\/svg\" fill=\"none\" viewBox=\"0 0 24 24\" stroke-width=\"1.5\" stroke=\"currentColor\" >\n  <path stroke-linecap=\"round\" stroke-linejoin=\"round\" d=\"M13.5 6H5.25A2.25 2.25 0 003 8.25v10.5A2.25 2.25 0 005.25 21h10.5A2.25 2.25 0 0018 18.75V10.5m-10.5 6L21 3m0 0h-5.25M21 3v5.25\" \/>\n<\/svg>          <\/a>\n        <\/li>\n          <\/ul>\n    <\/div>\n  \n<\/div>\n\n\n<p class=\"mb-10 text-base leading-normal\">\n  \nImproved interoperability allows for a transfer of specific data sets into MOZVAG2, if such data already exist in another information system.\n\n<\/p>\n\n\n<p class=\"mb-10 text-base leading-normal\">\n  \nThe ISVU information system is maintained by SRCE, while the information systems of the Croatian Scientific Bibliography-CROSBI and the Database of Project Activities in Science and Higher Education of the Republic of Croatia (Project Database) are maintained by the Centre for Scientific Information of the Ru\u0111er Bo\u0161kovi\u0107 Institute.\n\n<\/p>\n\n\n<p class=\"mb-10 text-base leading-normal\">\n  \nASHE Department of Analytics and Statistics, in collaboration with SRCE and Centre for Scientific Information of the Ru\u0111er Bo\u0161kovi\u0107 Institute, organises regular workshops on how to work with the upgraded MOZVAG2, CROSBI and Projects systems.\n\n<\/p>\n\n\n<p class=\"mb-10 text-base leading-normal\">\n  \n<strong>MOZVAG Directory of study programmes<\/strong>\n\n<\/p>\n\n\n<p class=\"mb-10 text-base leading-normal\">\n  \nThe MOZVAG system also serves as a database of accredited study programmes in the Republic of Croatia; the programmes can be reviewed via the\u00a0<a href=\"https:\/\/mozvag.srce.hr\/preglednik\/pregled\/hr\/pocetna\/index.html\">Directory of Study Programmes<\/a>, available in Croatian and English on ASHE website. The Directory provides basic information on all accredited study programmes delivered by Croatian higher education institutions to interested parties at both national and international level (potential students, foreign ENIC and NARIC offices, etc.). In line with relevant regulations, the official register of study programmes is maintained by the Ministry of Science and Education within the\u00a0<a href=\"https:\/\/hko.srce.hr\/usp\/index\" target=\"_blank\" rel=\"noreferrer noopener\">Register of Study Programmes<\/a>.\n\n<\/p>\n\n\n<div class=\"my-40 lg:my-60 flex gap-60 flex-col\">\n\n      <!-- Prikaz samo datoteka -->\n  \n      <div class=\"basis-1\/2\">\n      <div class=\"flex gap-5 items-center mb-10\">\n        <svg class=\"w-[1.5rem] h-[1.5rem] stroke-grey dark:stroke-grey-100\" xmlns=\"http:\/\/www.w3.org\/2000\/svg\" fill=\"none\" viewBox=\"0 0 24 24\" stroke-width=\"1.5\" stroke=\"currentColor\" >\n  <path stroke-linecap=\"round\" stroke-linejoin=\"round\" d=\"M18.375 12.739l-7.693 7.693a4.5 4.5 0 01-6.364-6.364l10.94-10.94A3 3 0 1119.5 7.372L8.552 18.32m.009-.01l-.01.01m5.699-9.941l-7.81 7.81a1.5 1.5 0 002.112 2.13\" \/>\n<\/svg>        <h4 class=\"uppercase font-bold text-sm tracking-wide leading-tight\">Files<\/h4>\n      <\/div>\n      <ul class=\"flex flex-col gap-0 divide-y divide-grey-200 dark:divide-grey-700 border-y border-grey-200 dark:border-grey-700\" data-stagger-list>\n              <li>\n          <a href=\"https:\/\/www.azvo.hr\/wp-azvo-files\/uploads\/2020\/03\/Analytic_supplement_from_MOZVAG_tables_and_notes_v52020.pdf\" target=\"_blank\" class=\"group hover:bg-red-50 dark:hover:bg-red-950 flex justify-between items-center\">\n            <span class=\"py-20 font-semibold text-lg group-hover:text-red dark:group-hover:text-red-500 group-hover:translate-x-15 transition duration-300 block h-full\">Analytic supplement from MOZVAG &#8211; tables and notes<\/span>\n            <div class=\"group-hover:-translate-x-15 transition duration-300 shrink-0\">\n              <span class=\"hidden sm:inline-block text-xs font-bold text-grey-400 dark:opacity-60 tracking-wide mr-10\">PDF | 797 KB<\/span>\n            <svg class=\"inline-block w-[1.5rem] h-[1.5rem] stroke-red dark:stroke-red-500\" xmlns=\"http:\/\/www.w3.org\/2000\/svg\" fill=\"none\" viewBox=\"0 0 24 24\" stroke-width=\"1.5\" stroke=\"currentColor\">\n  <path stroke-linecap=\"round\" stroke-linejoin=\"round\" d=\"M3 16.5v2.25A2.25 2.25 0 005.25 21h13.5A2.25 2.25 0 0021 18.75V16.5M16.5 12L12 16.5m0 0L7.5 12m4.5 4.5V3\" \/>\n<\/svg>            <\/div>\n          <\/a>\n        <\/li>\n            <\/ul>\n    <\/div>\n  \n  \n<\/div>\n\n\n<div class=\"bg-red-100 dark:bg-red-950 rounded py-60 px-30 md:px-90 text-center my-40 lg:my-60\">\n  <h2 class=\"font-bold text-sm tracking-wide uppercase leading-tight\">Do you have additional questions?<\/h2>\n  <p class=\"leading-snug text-xl mt-20 mb-40\">For all questions regarding the MOZVAG2 information system, you can contact the Department of Analytics and Statistics<\/p>\n  <a href=\"mailto:mozvag@azvo.hr\" class=\"button-primary\">Contact Us<\/a>\n<\/div>\n","protected":false},"excerpt":{"rendered":"<p>Within the framework of ongoing evaluations, in particular the institutional re-accreditation, higher education institutions are obliged to submit a considerable amount of data to MOZVAG, in accordance with the relevant regulations. This data relates to different activities and resources of the higher education institution (study programmes, courses, teaching staff, scientific and professional productivity, and other &hellip; <a href=\"https:\/\/azvo.hr\/en\/evaluation\/higher-education\/mozvag-information-system\/\">Continued<\/a><\/p>\n","protected":false},"author":169,"featured_media":0,"parent":19766,"menu_order":3,"comment_status":"closed","ping_status":"closed","template":"","meta":{"_acf_changed":false,"inline_featured_image":false,"footnotes":""},"acf":[],"yoast_head":"<!-- This site is optimized with the Yoast SEO plugin v22.4 - https:\/\/yoast.com\/wordpress\/plugins\/seo\/ -->\n<title>Information system supporting quality assurance procedures\u00a0 - AZVO<\/title>\n<meta name=\"robots\" content=\"index, follow, max-snippet:-1, max-image-preview:large, max-video-preview:-1\" \/>\n<link rel=\"canonical\" href=\"https:\/\/www.azvo.hr\/en\/evaluation\/higher-education\/mozvag-information-system\/\" \/>\n<meta property=\"og:locale\" content=\"en_GB\" \/>\n<meta property=\"og:type\" content=\"article\" \/>\n<meta property=\"og:title\" content=\"Information system supporting quality assurance procedures\u00a0 - AZVO\" \/>\n<meta property=\"og:description\" content=\"Within the framework of ongoing evaluations, in particular the institutional re-accreditation, higher education institutions are obliged to submit a considerable amount of data to MOZVAG, in accordance with the relevant regulations. This data relates to different activities and resources of the higher education institution (study programmes, courses, teaching staff, scientific and professional productivity, and other &hellip; Continued\" \/>\n<meta property=\"og:url\" content=\"https:\/\/www.azvo.hr\/en\/evaluation\/higher-education\/mozvag-information-system\/\" \/>\n<meta property=\"og:site_name\" content=\"AZVO\" \/>\n<meta property=\"article:modified_time\" content=\"2024-05-02T12:28:49+00:00\" \/>\n<meta name=\"twitter:card\" content=\"summary_large_image\" \/>\n<meta name=\"twitter:label1\" content=\"Estimated reading time\" \/>\n\t<meta name=\"twitter:data1\" content=\"3 minutes\" \/>\n<script type=\"application\/ld+json\" class=\"yoast-schema-graph\">{\"@context\":\"https:\/\/schema.org\",\"@graph\":[{\"@type\":\"WebPage\",\"@id\":\"https:\/\/www.azvo.hr\/en\/evaluation\/higher-education\/mozvag-information-system\/\",\"url\":\"https:\/\/www.azvo.hr\/en\/evaluation\/higher-education\/mozvag-information-system\/\",\"name\":\"Information system supporting quality assurance procedures\u00a0 - AZVO\",\"isPartOf\":{\"@id\":\"https:\/\/www.azvo.hr\/#website\"},\"datePublished\":\"2023-10-24T12:27:04+00:00\",\"dateModified\":\"2024-05-02T12:28:49+00:00\",\"breadcrumb\":{\"@id\":\"https:\/\/www.azvo.hr\/en\/evaluation\/higher-education\/mozvag-information-system\/#breadcrumb\"},\"inLanguage\":\"en-GB\",\"potentialAction\":[{\"@type\":\"ReadAction\",\"target\":[\"https:\/\/www.azvo.hr\/en\/evaluation\/higher-education\/mozvag-information-system\/\"]}]},{\"@type\":\"BreadcrumbList\",\"@id\":\"https:\/\/www.azvo.hr\/en\/evaluation\/higher-education\/mozvag-information-system\/#breadcrumb\",\"itemListElement\":[{\"@type\":\"ListItem\",\"position\":1,\"name\":\"Po\u010detna stranica\",\"item\":\"https:\/\/www.azvo.hr\/en\/\"},{\"@type\":\"ListItem\",\"position\":2,\"name\":\"Evaluation\",\"item\":\"https:\/\/www.azvo.hr\/en\/evaluation\/\"},{\"@type\":\"ListItem\",\"position\":3,\"name\":\"Higher education\",\"item\":\"https:\/\/www.azvo.hr\/en\/evaluation\/higher-education\/\"},{\"@type\":\"ListItem\",\"position\":4,\"name\":\"Information system supporting quality assurance procedures\u00a0\"}]},{\"@type\":\"WebSite\",\"@id\":\"https:\/\/www.azvo.hr\/#website\",\"url\":\"https:\/\/www.azvo.hr\/\",\"name\":\"AZVO\",\"description\":\"Agencija za znanje i visoko obrazovanje\",\"potentialAction\":[{\"@type\":\"SearchAction\",\"target\":{\"@type\":\"EntryPoint\",\"urlTemplate\":\"https:\/\/www.azvo.hr\/?s={search_term_string}\"},\"query-input\":\"required name=search_term_string\"}],\"inLanguage\":\"en-GB\"}]}<\/script>\n<!-- \/ Yoast SEO plugin. -->","yoast_head_json":{"title":"Information system supporting quality assurance procedures\u00a0 - AZVO","robots":{"index":"index","follow":"follow","max-snippet":"max-snippet:-1","max-image-preview":"max-image-preview:large","max-video-preview":"max-video-preview:-1"},"canonical":"https:\/\/www.azvo.hr\/en\/evaluation\/higher-education\/mozvag-information-system\/","og_locale":"en_GB","og_type":"article","og_title":"Information system supporting quality assurance procedures\u00a0 - AZVO","og_description":"Within the framework of ongoing evaluations, in particular the institutional re-accreditation, higher education institutions are obliged to submit a considerable amount of data to MOZVAG, in accordance with the relevant regulations. This data relates to different activities and resources of the higher education institution (study programmes, courses, teaching staff, scientific and professional productivity, and other &hellip; Continued","og_url":"https:\/\/www.azvo.hr\/en\/evaluation\/higher-education\/mozvag-information-system\/","og_site_name":"AZVO","article_modified_time":"2024-05-02T12:28:49+00:00","twitter_card":"summary_large_image","twitter_misc":{"Estimated reading time":"3 minutes"},"schema":{"@context":"https:\/\/schema.org","@graph":[{"@type":"WebPage","@id":"https:\/\/www.azvo.hr\/en\/evaluation\/higher-education\/mozvag-information-system\/","url":"https:\/\/www.azvo.hr\/en\/evaluation\/higher-education\/mozvag-information-system\/","name":"Information system supporting quality assurance procedures\u00a0 - AZVO","isPartOf":{"@id":"https:\/\/www.azvo.hr\/#website"},"datePublished":"2023-10-24T12:27:04+00:00","dateModified":"2024-05-02T12:28:49+00:00","breadcrumb":{"@id":"https:\/\/www.azvo.hr\/en\/evaluation\/higher-education\/mozvag-information-system\/#breadcrumb"},"inLanguage":"en-GB","potentialAction":[{"@type":"ReadAction","target":["https:\/\/www.azvo.hr\/en\/evaluation\/higher-education\/mozvag-information-system\/"]}]},{"@type":"BreadcrumbList","@id":"https:\/\/www.azvo.hr\/en\/evaluation\/higher-education\/mozvag-information-system\/#breadcrumb","itemListElement":[{"@type":"ListItem","position":1,"name":"Po\u010detna stranica","item":"https:\/\/www.azvo.hr\/en\/"},{"@type":"ListItem","position":2,"name":"Evaluation","item":"https:\/\/www.azvo.hr\/en\/evaluation\/"},{"@type":"ListItem","position":3,"name":"Higher education","item":"https:\/\/www.azvo.hr\/en\/evaluation\/higher-education\/"},{"@type":"ListItem","position":4,"name":"Information system supporting quality assurance procedures\u00a0"}]},{"@type":"WebSite","@id":"https:\/\/www.azvo.hr\/#website","url":"https:\/\/www.azvo.hr\/","name":"AZVO","description":"Agencija za znanje i visoko obrazovanje","potentialAction":[{"@type":"SearchAction","target":{"@type":"EntryPoint","urlTemplate":"https:\/\/www.azvo.hr\/?s={search_term_string}"},"query-input":"required name=search_term_string"}],"inLanguage":"en-GB"}]}},"_links":{"self":[{"href":"https:\/\/azvo.hr\/en\/wp-json\/wp\/v2\/pages\/19779"}],"collection":[{"href":"https:\/\/azvo.hr\/en\/wp-json\/wp\/v2\/pages"}],"about":[{"href":"https:\/\/azvo.hr\/en\/wp-json\/wp\/v2\/types\/page"}],"author":[{"embeddable":true,"href":"https:\/\/azvo.hr\/en\/wp-json\/wp\/v2\/users\/169"}],"replies":[{"embeddable":true,"href":"https:\/\/azvo.hr\/en\/wp-json\/wp\/v2\/comments?post=19779"}],"version-history":[{"count":7,"href":"https:\/\/azvo.hr\/en\/wp-json\/wp\/v2\/pages\/19779\/revisions"}],"predecessor-version":[{"id":22847,"href":"https:\/\/azvo.hr\/en\/wp-json\/wp\/v2\/pages\/19779\/revisions\/22847"}],"up":[{"embeddable":true,"href":"https:\/\/azvo.hr\/en\/wp-json\/wp\/v2\/pages\/19766"}],"wp:attachment":[{"href":"https:\/\/azvo.hr\/en\/wp-json\/wp\/v2\/media?parent=19779"}],"curies":[{"name":"wp","href":"https:\/\/api.w.org\/{rel}","templated":true}]}}