{"id":31747,"date":"2026-04-02T13:49:43","date_gmt":"2026-04-02T11:49:43","guid":{"rendered":"https:\/\/www.azvo.hr\/?page_id=31747"},"modified":"2026-04-02T14:45:15","modified_gmt":"2026-04-02T12:45:15","slug":"standardi-i-smjernice-za-osiguravanje-kvalitete-na-europskom-prostoru-visokog-obrazovanja","status":"publish","type":"page","link":"https:\/\/azvo.hr\/en\/about-agency\/standardi-i-smjernice-za-osiguravanje-kvalitete-na-europskom-prostoru-visokog-obrazovanja\/","title":{"rendered":"Standards and guidelines for quality assurance in the European Higher Education Area."},"content":{"rendered":"<p class=\"mb-10 text-base leading-normal\">\n  \n\n\n<\/p>\n\n\n<div class=\"wp-block-lead-text mb-40 lg:mb-60 lg:-mt-[8rem]\">\n  <p class=\"font-serif text-xl sm:text-2xl leading-normal\">Standardi i smjernice za osiguravanje kvalitete na Europskom prostoru visokog obrazovanja (ESG) predstavljaju skup standarda i smjernica namijenjenih za vanjsko i unutarnje osiguravanje kvalitete u visokom obrazovanju. <\/p>\n<\/div>\n\n\n<p class=\"mb-10 text-base leading-normal\">\n  \n<a href=\"https:\/\/www.azvo.hr\/images\/stories\/kvaliteta\/ESG_HR_final.pdf\">Standardi i smjernice za osiguravanje kvalitete na Europskom prostoru visokog obrazovanja (ESG)<\/a> usmjeravaju na\u010dine provedbe procesa osiguravanja kvalitete na Europskom prostoru visokog obrazovanja (EHEA), fokusiraju\u0107i se na podru\u010dja koja su od klju\u010dne va\u017enosti za kvalitetu rada i okru\u017eenja za u\u010denje u visokom obrazovanju te se primjenjuju na sve vrste studija unutar EHEA-e, bez obzira na oblik i mjesto izvo\u0111enja, uklju\u010duju\u0107i i me\u0111unarodne programe.\n\n<\/p>\n\n\n<p class=\"mb-10 text-base leading-normal\">\n  \n\n\n<\/p>\n\n\n<p class=\"mb-10 text-base leading-normal\">\n  \nAgencija za znanost i visoko obrazovanje provodi aktivnosti koje su unutar i izvan opsega ESG-ja.\n\n<\/p>\n\n\n<p class=\"mb-10 text-base leading-normal\">\n  \n\n\n<\/p>\n\n\n<p class=\"mb-10 text-base leading-normal\">\n  \nAktivnosti koje provodi Agencija za znanost i visoko obrazovanje, a koje se smatraju dijelom ESG-a, jesu formalni postupci vanjskog osiguravanja kvalitete povezani s pou\u010davanjem i u\u010denjem u visokom obrazovanju:\n\n<\/p>\n\n\n\n<ul>\n<li>inicijalna akreditacija studija,<\/li>\n\n\n\n<li>inicijalna akreditacija visokih u\u010dili\u0161ta,<\/li>\n\n\n\n<li>reakreditacija visokih u\u010dili\u0161ta,<\/li>\n\n\n\n<li>akreditacija zdru\u017eenih studija doma\u0107ih i inozemnih visokih u\u010dili\u0161ta,&nbsp;<\/li>\n\n\n\n<li>prekograni\u010dno vrednovanje visokih u\u010dili\u0161ta.<\/li>\n<\/ul>\n\n\n<p class=\"mb-10 text-base leading-normal\">\n  \n\n\n<\/p>\n\n\n<p class=\"mb-10 text-base leading-normal\">\n  \nIstodobno, AZVO provodi i niz aktivnosti koje se ne smatraju dijelom ESG-ja, \u0161to proizlazi iz \u0161ire nadle\u017enosti Agencije utvr\u0111ene nacionalnim zakonodavstvom:&nbsp;\n\n<\/p>\n\n\n\n<ul>\n<li>inicijalna akreditacija znanstvenih instituta,&nbsp;<\/li>\n\n\n\n<li>reakreditacija znanstvenih instituta,&nbsp;&nbsp;<\/li>\n\n\n\n<li>tematsko vrednovanje,&nbsp;<\/li>\n\n\n\n<li>izvanredno vrednovanje,&nbsp;<\/li>\n\n\n\n<li>vrednovanje provedbe programskih ugovora,&nbsp;<\/li>\n\n\n\n<li>provedba Hrvatskog kvalifikacijskog okvira (na razini 5 u dijelu koji se odnosi na visoko, obrazovanje te na razinama 6, 7 i 8 HKO-a),&nbsp;&nbsp;<\/li>\n\n\n\n<li>priznavanje i vrednovanje inozemnih obrazovnih kvalifikacija,&nbsp;<\/li>\n\n\n\n<li>prijave na visoka u\u010dili\u0161ta i studijske programe.&nbsp;<\/li>\n<\/ul>\n\n\n<div class=\"my-40 lg:my-60 flex gap-60 flex-col\">\n\n      <!-- Prikaz samo poveznica -->\n  \n  \n      <div class=\"basis-1\/2\">\n      <div class=\"flex gap-5 items-center mb-10\">\n        <svg class=\"w-[1.5rem] h-[1.5rem] stroke-grey dark:stroke-grey-100\" xmlns=\"http:\/\/www.w3.org\/2000\/svg\" fill=\"none\" viewBox=\"0 0 24 24\" stroke-width=\"1.5\" stroke=\"currentColor\">\n  <path stroke-linecap=\"round\" stroke-linejoin=\"round\" d=\"M13.19 8.688a4.5 4.5 0 011.242 7.244l-4.5 4.5a4.5 4.5 0 01-6.364-6.364l1.757-1.757m13.35-.622l1.757-1.757a4.5 4.5 0 00-6.364-6.364l-4.5 4.5a4.5 4.5 0 001.242 7.244\" \/>\n<\/svg>        <h4 class=\"uppercase font-bold text-sm tracking-wide leading-tight\">Link<\/h4>\n      <\/div>\n      <ul class=\"flex flex-col gap-0 divide-y divide-grey-200 dark:divide-grey-700 border-y border-grey-200 dark:border-grey-700\" data-stagger-list>\n            <li>\n          <a href=\"https:\/\/www.azvo.hr\/images\/stories\/kvaliteta\/ESG_HR_final.pdf\" class=\"group hover:bg-red-50 dark:hover:bg-red-950 flex justify-between items-center\">\n            <span class=\"py-20 font-semibold text-lg w-full h-full block group-hover:text-red dark:group-hover:text-red-500 group-hover:translate-x-15 transition duration-300\">Standardi i smjernice za osiguravanje kvalitete na Europskom prostoru visokog obrazovanja (ESG) <\/span>\n            <svg class=\"w-[1.5rem] h-[1.5rem] stroke-red dark:stroke-red-500 group-hover:-translate-x-15 transition duration-300\" xmlns=\"http:\/\/www.w3.org\/2000\/svg\" fill=\"none\" viewBox=\"0 0 24 24\" stroke-width=\"1.5\" stroke=\"currentColor\" >\n  <path stroke-linecap=\"round\" stroke-linejoin=\"round\" d=\"M13.5 6H5.25A2.25 2.25 0 003 8.25v10.5A2.25 2.25 0 005.25 21h10.5A2.25 2.25 0 0018 18.75V10.5m-10.5 6L21 3m0 0h-5.25M21 3v5.25\" \/>\n<\/svg>          <\/a>\n        <\/li>\n          <\/ul>\n    <\/div>\n  \n<\/div>\n\n\n<div class=\"bg-red-100 dark:bg-red-950 rounded py-60 px-30 md:px-90 text-center my-40 lg:my-60\">\n  <h2 class=\"font-bold text-sm tracking-wide uppercase leading-tight\">Imate li jo\u0161 pitanja?<\/h2>\n  <p class=\"leading-snug text-xl mt-20 mb-40\"> <\/p>\n  <a href=\"mailto:medjunarodna@azvo.hr\" class=\"button-primary\">Contact us<\/a>\n<\/div>\n","protected":false},"excerpt":{"rendered":"<p>Standardi i smjernice za osiguravanje kvalitete na Europskom prostoru visokog obrazovanja (ESG) usmjeravaju na\u010dine provedbe procesa osiguravanja kvalitete na Europskom prostoru visokog obrazovanja (EHEA), fokusiraju\u0107i se na podru\u010dja koja su od klju\u010dne va\u017enosti za kvalitetu rada i okru\u017eenja za u\u010denje u visokom obrazovanju te se primjenjuju na sve vrste studija unutar EHEA-e, bez obzira na &hellip; <a href=\"https:\/\/azvo.hr\/en\/about-agency\/standardi-i-smjernice-za-osiguravanje-kvalitete-na-europskom-prostoru-visokog-obrazovanja\/\">Continued<\/a><\/p>\n","protected":false},"author":174,"featured_media":12923,"parent":12237,"menu_order":4,"comment_status":"closed","ping_status":"closed","template":"","meta":{"_acf_changed":false,"inline_featured_image":false,"footnotes":""},"acf":[],"yoast_head":"<!-- This site is optimized with the Yoast SEO plugin v22.4 - https:\/\/yoast.com\/wordpress\/plugins\/seo\/ -->\n<title>Standards and guidelines for quality assurance in the European Higher Education Area. - AZVO<\/title>\n<meta name=\"robots\" content=\"index, follow, max-snippet:-1, max-image-preview:large, max-video-preview:-1\" \/>\n<link rel=\"canonical\" href=\"https:\/\/www.azvo.hr\/en\/about-agency\/standardi-i-smjernice-za-osiguravanje-kvalitete-na-europskom-prostoru-visokog-obrazovanja\/\" \/>\n<meta property=\"og:locale\" content=\"en_GB\" \/>\n<meta property=\"og:type\" content=\"article\" \/>\n<meta property=\"og:title\" content=\"Standards and guidelines for quality assurance in the European Higher Education Area. - AZVO\" \/>\n<meta property=\"og:description\" content=\"Standardi i smjernice za osiguravanje kvalitete na Europskom prostoru visokog obrazovanja (ESG) usmjeravaju na\u010dine provedbe procesa osiguravanja kvalitete na Europskom prostoru visokog obrazovanja (EHEA), fokusiraju\u0107i se na podru\u010dja koja su od klju\u010dne va\u017enosti za kvalitetu rada i okru\u017eenja za u\u010denje u visokom obrazovanju te se primjenjuju na sve vrste studija unutar EHEA-e, bez obzira na &hellip; Continued\" \/>\n<meta property=\"og:url\" content=\"https:\/\/www.azvo.hr\/en\/about-agency\/standardi-i-smjernice-za-osiguravanje-kvalitete-na-europskom-prostoru-visokog-obrazovanja\/\" \/>\n<meta property=\"og:site_name\" content=\"AZVO\" \/>\n<meta property=\"article:modified_time\" content=\"2026-04-02T12:45:15+00:00\" \/>\n<meta property=\"og:image\" content=\"https:\/\/www.azvo.hr\/wp-azvo-files\/uploads\/2023\/10\/iStock-1384378940.jpg\" \/>\n\t<meta property=\"og:image:width\" content=\"1920\" \/>\n\t<meta property=\"og:image:height\" content=\"1080\" \/>\n\t<meta property=\"og:image:type\" content=\"image\/jpeg\" \/>\n<meta name=\"twitter:card\" content=\"summary_large_image\" \/>\n<meta name=\"twitter:label1\" content=\"Estimated reading time\" \/>\n\t<meta name=\"twitter:data1\" content=\"2 minutes\" \/>\n<script type=\"application\/ld+json\" class=\"yoast-schema-graph\">{\"@context\":\"https:\/\/schema.org\",\"@graph\":[{\"@type\":\"WebPage\",\"@id\":\"https:\/\/www.azvo.hr\/en\/about-agency\/standardi-i-smjernice-za-osiguravanje-kvalitete-na-europskom-prostoru-visokog-obrazovanja\/\",\"url\":\"https:\/\/www.azvo.hr\/en\/about-agency\/standardi-i-smjernice-za-osiguravanje-kvalitete-na-europskom-prostoru-visokog-obrazovanja\/\",\"name\":\"Standards and guidelines for quality assurance in the European Higher Education Area. - AZVO\",\"isPartOf\":{\"@id\":\"https:\/\/www.azvo.hr\/#website\"},\"primaryImageOfPage\":{\"@id\":\"https:\/\/www.azvo.hr\/en\/about-agency\/standardi-i-smjernice-za-osiguravanje-kvalitete-na-europskom-prostoru-visokog-obrazovanja\/#primaryimage\"},\"image\":{\"@id\":\"https:\/\/www.azvo.hr\/en\/about-agency\/standardi-i-smjernice-za-osiguravanje-kvalitete-na-europskom-prostoru-visokog-obrazovanja\/#primaryimage\"},\"thumbnailUrl\":\"https:\/\/www.azvo.hr\/wp-azvo-files\/uploads\/2023\/10\/iStock-1384378940.jpg\",\"datePublished\":\"2026-04-02T11:49:43+00:00\",\"dateModified\":\"2026-04-02T12:45:15+00:00\",\"breadcrumb\":{\"@id\":\"https:\/\/www.azvo.hr\/en\/about-agency\/standardi-i-smjernice-za-osiguravanje-kvalitete-na-europskom-prostoru-visokog-obrazovanja\/#breadcrumb\"},\"inLanguage\":\"en-GB\",\"potentialAction\":[{\"@type\":\"ReadAction\",\"target\":[\"https:\/\/www.azvo.hr\/en\/about-agency\/standardi-i-smjernice-za-osiguravanje-kvalitete-na-europskom-prostoru-visokog-obrazovanja\/\"]}]},{\"@type\":\"ImageObject\",\"inLanguage\":\"en-GB\",\"@id\":\"https:\/\/www.azvo.hr\/en\/about-agency\/standardi-i-smjernice-za-osiguravanje-kvalitete-na-europskom-prostoru-visokog-obrazovanja\/#primaryimage\",\"url\":\"https:\/\/www.azvo.hr\/wp-azvo-files\/uploads\/2023\/10\/iStock-1384378940.jpg\",\"contentUrl\":\"https:\/\/www.azvo.hr\/wp-azvo-files\/uploads\/2023\/10\/iStock-1384378940.jpg\",\"width\":1920,\"height\":1080,\"caption\":\"A bunch of colorful cables moving in from behind the camera and joining in at the center\"},{\"@type\":\"BreadcrumbList\",\"@id\":\"https:\/\/www.azvo.hr\/en\/about-agency\/standardi-i-smjernice-za-osiguravanje-kvalitete-na-europskom-prostoru-visokog-obrazovanja\/#breadcrumb\",\"itemListElement\":[{\"@type\":\"ListItem\",\"position\":1,\"name\":\"Po\u010detna stranica\",\"item\":\"https:\/\/www.azvo.hr\/en\/\"},{\"@type\":\"ListItem\",\"position\":2,\"name\":\"About the Agency for science and higher education\",\"item\":\"https:\/\/www.azvo.hr\/en\/about-agency\/\"},{\"@type\":\"ListItem\",\"position\":3,\"name\":\"Standards and guidelines for quality assurance in the European Higher Education Area.\"}]},{\"@type\":\"WebSite\",\"@id\":\"https:\/\/www.azvo.hr\/#website\",\"url\":\"https:\/\/www.azvo.hr\/\",\"name\":\"AZVO\",\"description\":\"Agencija za znanje i visoko obrazovanje\",\"potentialAction\":[{\"@type\":\"SearchAction\",\"target\":{\"@type\":\"EntryPoint\",\"urlTemplate\":\"https:\/\/www.azvo.hr\/?s={search_term_string}\"},\"query-input\":\"required name=search_term_string\"}],\"inLanguage\":\"en-GB\"}]}<\/script>\n<!-- \/ Yoast SEO plugin. -->","yoast_head_json":{"title":"Standards and guidelines for quality assurance in the European Higher Education Area. - AZVO","robots":{"index":"index","follow":"follow","max-snippet":"max-snippet:-1","max-image-preview":"max-image-preview:large","max-video-preview":"max-video-preview:-1"},"canonical":"https:\/\/www.azvo.hr\/en\/about-agency\/standardi-i-smjernice-za-osiguravanje-kvalitete-na-europskom-prostoru-visokog-obrazovanja\/","og_locale":"en_GB","og_type":"article","og_title":"Standards and guidelines for quality assurance in the European Higher Education Area. - AZVO","og_description":"Standardi i smjernice za osiguravanje kvalitete na Europskom prostoru visokog obrazovanja (ESG) usmjeravaju na\u010dine provedbe procesa osiguravanja kvalitete na Europskom prostoru visokog obrazovanja (EHEA), fokusiraju\u0107i se na podru\u010dja koja su od klju\u010dne va\u017enosti za kvalitetu rada i okru\u017eenja za u\u010denje u visokom obrazovanju te se primjenjuju na sve vrste studija unutar EHEA-e, bez obzira na &hellip; Continued","og_url":"https:\/\/www.azvo.hr\/en\/about-agency\/standardi-i-smjernice-za-osiguravanje-kvalitete-na-europskom-prostoru-visokog-obrazovanja\/","og_site_name":"AZVO","article_modified_time":"2026-04-02T12:45:15+00:00","og_image":[{"width":1920,"height":1080,"url":"https:\/\/www.azvo.hr\/wp-azvo-files\/uploads\/2023\/10\/iStock-1384378940.jpg","type":"image\/jpeg"}],"twitter_card":"summary_large_image","twitter_misc":{"Estimated reading time":"2 minutes"},"schema":{"@context":"https:\/\/schema.org","@graph":[{"@type":"WebPage","@id":"https:\/\/www.azvo.hr\/en\/about-agency\/standardi-i-smjernice-za-osiguravanje-kvalitete-na-europskom-prostoru-visokog-obrazovanja\/","url":"https:\/\/www.azvo.hr\/en\/about-agency\/standardi-i-smjernice-za-osiguravanje-kvalitete-na-europskom-prostoru-visokog-obrazovanja\/","name":"Standards and guidelines for quality assurance in the European Higher Education Area. - AZVO","isPartOf":{"@id":"https:\/\/www.azvo.hr\/#website"},"primaryImageOfPage":{"@id":"https:\/\/www.azvo.hr\/en\/about-agency\/standardi-i-smjernice-za-osiguravanje-kvalitete-na-europskom-prostoru-visokog-obrazovanja\/#primaryimage"},"image":{"@id":"https:\/\/www.azvo.hr\/en\/about-agency\/standardi-i-smjernice-za-osiguravanje-kvalitete-na-europskom-prostoru-visokog-obrazovanja\/#primaryimage"},"thumbnailUrl":"https:\/\/www.azvo.hr\/wp-azvo-files\/uploads\/2023\/10\/iStock-1384378940.jpg","datePublished":"2026-04-02T11:49:43+00:00","dateModified":"2026-04-02T12:45:15+00:00","breadcrumb":{"@id":"https:\/\/www.azvo.hr\/en\/about-agency\/standardi-i-smjernice-za-osiguravanje-kvalitete-na-europskom-prostoru-visokog-obrazovanja\/#breadcrumb"},"inLanguage":"en-GB","potentialAction":[{"@type":"ReadAction","target":["https:\/\/www.azvo.hr\/en\/about-agency\/standardi-i-smjernice-za-osiguravanje-kvalitete-na-europskom-prostoru-visokog-obrazovanja\/"]}]},{"@type":"ImageObject","inLanguage":"en-GB","@id":"https:\/\/www.azvo.hr\/en\/about-agency\/standardi-i-smjernice-za-osiguravanje-kvalitete-na-europskom-prostoru-visokog-obrazovanja\/#primaryimage","url":"https:\/\/www.azvo.hr\/wp-azvo-files\/uploads\/2023\/10\/iStock-1384378940.jpg","contentUrl":"https:\/\/www.azvo.hr\/wp-azvo-files\/uploads\/2023\/10\/iStock-1384378940.jpg","width":1920,"height":1080,"caption":"A bunch of colorful cables moving in from behind the camera and joining in at the center"},{"@type":"BreadcrumbList","@id":"https:\/\/www.azvo.hr\/en\/about-agency\/standardi-i-smjernice-za-osiguravanje-kvalitete-na-europskom-prostoru-visokog-obrazovanja\/#breadcrumb","itemListElement":[{"@type":"ListItem","position":1,"name":"Po\u010detna stranica","item":"https:\/\/www.azvo.hr\/en\/"},{"@type":"ListItem","position":2,"name":"About the Agency for science and higher education","item":"https:\/\/www.azvo.hr\/en\/about-agency\/"},{"@type":"ListItem","position":3,"name":"Standards and guidelines for quality assurance in the European Higher Education Area."}]},{"@type":"WebSite","@id":"https:\/\/www.azvo.hr\/#website","url":"https:\/\/www.azvo.hr\/","name":"AZVO","description":"Agencija za znanje i visoko obrazovanje","potentialAction":[{"@type":"SearchAction","target":{"@type":"EntryPoint","urlTemplate":"https:\/\/www.azvo.hr\/?s={search_term_string}"},"query-input":"required name=search_term_string"}],"inLanguage":"en-GB"}]}},"_links":{"self":[{"href":"https:\/\/azvo.hr\/en\/wp-json\/wp\/v2\/pages\/31747"}],"collection":[{"href":"https:\/\/azvo.hr\/en\/wp-json\/wp\/v2\/pages"}],"about":[{"href":"https:\/\/azvo.hr\/en\/wp-json\/wp\/v2\/types\/page"}],"author":[{"embeddable":true,"href":"https:\/\/azvo.hr\/en\/wp-json\/wp\/v2\/users\/174"}],"replies":[{"embeddable":true,"href":"https:\/\/azvo.hr\/en\/wp-json\/wp\/v2\/comments?post=31747"}],"version-history":[{"count":2,"href":"https:\/\/azvo.hr\/en\/wp-json\/wp\/v2\/pages\/31747\/revisions"}],"predecessor-version":[{"id":31749,"href":"https:\/\/azvo.hr\/en\/wp-json\/wp\/v2\/pages\/31747\/revisions\/31749"}],"up":[{"embeddable":true,"href":"https:\/\/azvo.hr\/en\/wp-json\/wp\/v2\/pages\/12237"}],"wp:featuredmedia":[{"embeddable":true,"href":"https:\/\/azvo.hr\/en\/wp-json\/wp\/v2\/media\/12923"}],"wp:attachment":[{"href":"https:\/\/azvo.hr\/en\/wp-json\/wp\/v2\/media?parent=31747"}],"curies":[{"name":"wp","href":"https:\/\/api.w.org\/{rel}","templated":true}]}}